{"id":408,"date":"2026-03-22T17:03:26","date_gmt":"2026-03-22T17:03:26","guid":{"rendered":"https:\/\/tradition.pl\/?page_id=408"},"modified":"2026-03-22T17:03:26","modified_gmt":"2026-03-22T17:03:26","slug":"kryniczno","status":"publish","type":"page","link":"https:\/\/tradition.pl\/index.php\/kryniczno\/","title":{"rendered":"KRYNICZNO"},"content":{"rendered":"\n<p>Nasze inwestycje usytuowane s\u0105 zaledwie kilka kilometr\u00f3w od Wroc\u0142awia. To doskona\u0142e miejsce dla rodzin poszukuj\u0105cych wygodnego i funkcjonalnego mieszkania w spokojnym, zielonym otoczeniu. Du\u017cym atutem lokalizacji jest rozbudowana infrastruktura drogowa, umo\u017cliwiaj\u0105ca szybki dojazd do centrum miasta oraz bezpo\u015bredni dost\u0119p do trasy S5, jak i obwodnicy Wroc\u0142awia.<\/p>\n\n\n\n<p>Kryniczno to urokliwa miejscowo\u015b\u0107, w kt\u00f3rej dost\u0119pne s\u0105 liczne, lokalne us\u0142ugi, takie jak:<\/p>\n\n\n\n<ul class=\"wp-block-list\">\n<li>szko\u0142a podstawowa<\/li>\n\n\n\n<li>przedszkole pa\u0144stwowe<\/li>\n\n\n\n<li>\u017c\u0142obek<\/li>\n\n\n\n<li>sklep zabka<\/li>\n\n\n\n<li>restauracja<\/li>\n\n\n\n<li>plaz zabaw<\/li>\n\n\n\n<li>boisko sportowe<\/li>\n\n\n\n<li>park w Malinie<\/li>\n\n\n\n<li>Obszar le\u015bny w Malinie<\/li>\n\n\n\n<li>Carrefour w Psarach<\/li>\n\n\n\n<li>Biedronka, Rossman, Pepco w Ligocie Pi\u0119knej<\/li>\n\n\n\n<li>a to wszystko w zasi\u0119gu kr\u00f3tkiego spaceru.<\/li>\n<\/ul>\n\n\n\n<p>Do Kryniczna doje\u017cd\u017ca wroc\u0142awski autobus miejski &#8211; nr 908, dzi\u0119ki czemu szybko mo\u017cna dosta\u0107 si\u0119 do Marino lub dalej do Dworca Nadodrze.<\/p>\n\n\n\n<p><\/p>\n","protected":false},"excerpt":{"rendered":"<p>Nasze inwestycje usytuowane s\u0105 zaledwie kilka kilometr\u00f3w od Wroc\u0142awia. To doskona\u0142e miejsce dla rodzin poszukuj\u0105cych wygodnego i funkcjonalnego mieszkania w spokojnym, zielonym otoczeniu. Du\u017cym atutem lokalizacji jest rozbudowana infrastruktura drogowa, umo\u017cliwiaj\u0105ca szybki dojazd do centrum miasta oraz bezpo\u015bredni dost\u0119p do trasy S5, jak i obwodnicy Wroc\u0142awia. Kryniczno to urokliwa miejscowo\u015b\u0107, w kt\u00f3rej dost\u0119pne s\u0105 liczne, [&hellip;]<\/p>\n","protected":false},"author":1,"featured_media":0,"parent":0,"menu_order":0,"comment_status":"closed","ping_status":"closed","template":"","meta":{"footnotes":""},"class_list":["post-408","page","type-page","status-publish","hentry"],"_links":{"self":[{"href":"https:\/\/tradition.pl\/index.php\/wp-json\/wp\/v2\/pages\/408","targetHints":{"allow":["GET"]}}],"collection":[{"href":"https:\/\/tradition.pl\/index.php\/wp-json\/wp\/v2\/pages"}],"about":[{"href":"https:\/\/tradition.pl\/index.php\/wp-json\/wp\/v2\/types\/page"}],"author":[{"embeddable":true,"href":"https:\/\/tradition.pl\/index.php\/wp-json\/wp\/v2\/users\/1"}],"replies":[{"embeddable":true,"href":"https:\/\/tradition.pl\/index.php\/wp-json\/wp\/v2\/comments?post=408"}],"version-history":[{"count":1,"href":"https:\/\/tradition.pl\/index.php\/wp-json\/wp\/v2\/pages\/408\/revisions"}],"predecessor-version":[{"id":409,"href":"https:\/\/tradition.pl\/index.php\/wp-json\/wp\/v2\/pages\/408\/revisions\/409"}],"wp:attachment":[{"href":"https:\/\/tradition.pl\/index.php\/wp-json\/wp\/v2\/media?parent=408"}],"curies":[{"name":"wp","href":"https:\/\/api.w.org\/{rel}","templated":true}]}}