{"id":414,"date":"2026-03-22T17:27:30","date_gmt":"2026-03-22T17:27:30","guid":{"rendered":"https:\/\/tradition.pl\/?page_id=414"},"modified":"2026-03-22T17:27:30","modified_gmt":"2026-03-22T17:27:30","slug":"psary","status":"publish","type":"page","link":"https:\/\/tradition.pl\/index.php\/psary\/","title":{"rendered":"PSARY"},"content":{"rendered":"\n<p>Zapraszamy do zapoznania si\u0119 z nasz\u0105 now\u0105 inwestycj\u0105 na sprzeda\u017c w miejscowo\u015bci Psary &#8211; tu\u017c przy granicy Wroc\u0142awia, z dost\u0119pem do komunikacji miejskiej wroc\u0142awskiej oraz wszystkimi niezb\u0119dnymi w dzisiejszych czasach mediami &#8211; \u015bwiat\u0142owodem i kanalizacj\u0105.<\/p>\n\n\n\n<figure class=\"wp-block-image size-large\"><img loading=\"lazy\" decoding=\"async\" width=\"1024\" height=\"576\" src=\"https:\/\/tradition.pl\/wp-content\/uploads\/2026\/03\/EXT_KADR_35_DODANY-BUDYNEK-Duzy-1024x576.jpeg\" alt=\"\" class=\"wp-image-416\" srcset=\"https:\/\/tradition.pl\/wp-content\/uploads\/2026\/03\/EXT_KADR_35_DODANY-BUDYNEK-Duzy-1024x576.jpeg 1024w, https:\/\/tradition.pl\/wp-content\/uploads\/2026\/03\/EXT_KADR_35_DODANY-BUDYNEK-Duzy-300x169.jpeg 300w, https:\/\/tradition.pl\/wp-content\/uploads\/2026\/03\/EXT_KADR_35_DODANY-BUDYNEK-Duzy-768x432.jpeg 768w, https:\/\/tradition.pl\/wp-content\/uploads\/2026\/03\/EXT_KADR_35_DODANY-BUDYNEK-Duzy.jpeg 1280w\" sizes=\"auto, (max-width: 1024px) 100vw, 1024px\" \/><\/figure>\n\n\n\n<h2 class=\"wp-block-heading\">WIZUALIZACJE<\/h2>\n\n\n\n<figure class=\"wp-block-image size-large\"><img loading=\"lazy\" decoding=\"async\" width=\"1024\" height=\"768\" src=\"https:\/\/tradition.pl\/wp-content\/uploads\/2026\/03\/EXT_KADR_49-Duzy-1024x768.jpeg\" alt=\"\" class=\"wp-image-417\" srcset=\"https:\/\/tradition.pl\/wp-content\/uploads\/2026\/03\/EXT_KADR_49-Duzy-1024x768.jpeg 1024w, https:\/\/tradition.pl\/wp-content\/uploads\/2026\/03\/EXT_KADR_49-Duzy-300x225.jpeg 300w, https:\/\/tradition.pl\/wp-content\/uploads\/2026\/03\/EXT_KADR_49-Duzy-768x576.jpeg 768w, https:\/\/tradition.pl\/wp-content\/uploads\/2026\/03\/EXT_KADR_49-Duzy.jpeg 1280w\" sizes=\"auto, (max-width: 1024px) 100vw, 1024px\" \/><\/figure>\n\n\n\n<figure class=\"wp-block-image size-large\"><img loading=\"lazy\" decoding=\"async\" width=\"1024\" height=\"768\" src=\"https:\/\/tradition.pl\/wp-content\/uploads\/2026\/03\/EXT_KADR_46-Duzy-1024x768.jpeg\" alt=\"\" class=\"wp-image-418\" srcset=\"https:\/\/tradition.pl\/wp-content\/uploads\/2026\/03\/EXT_KADR_46-Duzy-1024x768.jpeg 1024w, https:\/\/tradition.pl\/wp-content\/uploads\/2026\/03\/EXT_KADR_46-Duzy-300x225.jpeg 300w, https:\/\/tradition.pl\/wp-content\/uploads\/2026\/03\/EXT_KADR_46-Duzy-768x576.jpeg 768w, https:\/\/tradition.pl\/wp-content\/uploads\/2026\/03\/EXT_KADR_46-Duzy.jpeg 1280w\" sizes=\"auto, (max-width: 1024px) 100vw, 1024px\" \/><\/figure>\n\n\n\n<figure class=\"wp-block-image size-large\"><img loading=\"lazy\" decoding=\"async\" width=\"1024\" height=\"768\" src=\"https:\/\/tradition.pl\/wp-content\/uploads\/2026\/03\/EXT_KADR_55-Duzy-1024x768.jpeg\" alt=\"\" class=\"wp-image-419\" srcset=\"https:\/\/tradition.pl\/wp-content\/uploads\/2026\/03\/EXT_KADR_55-Duzy-1024x768.jpeg 1024w, https:\/\/tradition.pl\/wp-content\/uploads\/2026\/03\/EXT_KADR_55-Duzy-300x225.jpeg 300w, https:\/\/tradition.pl\/wp-content\/uploads\/2026\/03\/EXT_KADR_55-Duzy-768x576.jpeg 768w, https:\/\/tradition.pl\/wp-content\/uploads\/2026\/03\/EXT_KADR_55-Duzy.jpeg 1280w\" sizes=\"auto, (max-width: 1024px) 100vw, 1024px\" \/><\/figure>\n\n\n\n<figure class=\"wp-block-image size-large\"><img loading=\"lazy\" decoding=\"async\" width=\"1024\" height=\"768\" src=\"https:\/\/tradition.pl\/wp-content\/uploads\/2026\/03\/EXT_KADR_54-Duzy-1024x768.jpeg\" alt=\"\" class=\"wp-image-420\" srcset=\"https:\/\/tradition.pl\/wp-content\/uploads\/2026\/03\/EXT_KADR_54-Duzy-1024x768.jpeg 1024w, https:\/\/tradition.pl\/wp-content\/uploads\/2026\/03\/EXT_KADR_54-Duzy-300x225.jpeg 300w, https:\/\/tradition.pl\/wp-content\/uploads\/2026\/03\/EXT_KADR_54-Duzy-768x576.jpeg 768w, https:\/\/tradition.pl\/wp-content\/uploads\/2026\/03\/EXT_KADR_54-Duzy.jpeg 1280w\" sizes=\"auto, (max-width: 1024px) 100vw, 1024px\" \/><\/figure>\n\n\n\n<p>Szeroki wyb\u00f3r typ\u00f3w dom\u00f3w &#8211; z gara\u017cem w bryle budynku, bez gara\u017cu, z gara\u017cem obok budynku (jak wolnostoj\u0105cy, kt\u00f3ry nie ma wsp\u00f3lnej \u015bciany z s\u0105siadem &#8211; budynki s\u0105 po\u0142\u0105czone gara\u017cami).<\/p>\n\n\n\n<h2 class=\"wp-block-heading\">UK\u0141AD OSIEDLA<\/h2>\n\n\n\n<figure class=\"wp-block-image size-full\"><img loading=\"lazy\" decoding=\"async\" width=\"1018\" height=\"801\" src=\"https:\/\/tradition.pl\/wp-content\/uploads\/2026\/03\/Zrzut-ekranu-2026-03-22-o-18.20.58.png\" alt=\"\" class=\"wp-image-421\" srcset=\"https:\/\/tradition.pl\/wp-content\/uploads\/2026\/03\/Zrzut-ekranu-2026-03-22-o-18.20.58.png 1018w, https:\/\/tradition.pl\/wp-content\/uploads\/2026\/03\/Zrzut-ekranu-2026-03-22-o-18.20.58-300x236.png 300w, https:\/\/tradition.pl\/wp-content\/uploads\/2026\/03\/Zrzut-ekranu-2026-03-22-o-18.20.58-768x604.png 768w\" sizes=\"auto, (max-width: 1018px) 100vw, 1018px\" \/><\/figure>\n\n\n\n<figure class=\"wp-block-image size-full\"><img loading=\"lazy\" decoding=\"async\" width=\"657\" height=\"785\" src=\"https:\/\/tradition.pl\/wp-content\/uploads\/2026\/03\/Zrzut-ekranu-2026-03-22-o-18.21.26.png\" alt=\"\" class=\"wp-image-422\" srcset=\"https:\/\/tradition.pl\/wp-content\/uploads\/2026\/03\/Zrzut-ekranu-2026-03-22-o-18.21.26.png 657w, https:\/\/tradition.pl\/wp-content\/uploads\/2026\/03\/Zrzut-ekranu-2026-03-22-o-18.21.26-251x300.png 251w\" sizes=\"auto, (max-width: 657px) 100vw, 657px\" \/><\/figure>\n\n\n\n<h2 class=\"wp-block-heading\">CENNIK<\/h2>\n\n\n\n<figure class=\"wp-block-image size-full\"><img loading=\"lazy\" decoding=\"async\" width=\"649\" height=\"770\" src=\"https:\/\/tradition.pl\/wp-content\/uploads\/2026\/03\/Zrzut-ekranu-2026-03-22-o-18.22.34.png\" alt=\"\" class=\"wp-image-423\" srcset=\"https:\/\/tradition.pl\/wp-content\/uploads\/2026\/03\/Zrzut-ekranu-2026-03-22-o-18.22.34.png 649w, https:\/\/tradition.pl\/wp-content\/uploads\/2026\/03\/Zrzut-ekranu-2026-03-22-o-18.22.34-253x300.png 253w\" sizes=\"auto, (max-width: 649px) 100vw, 649px\" \/><\/figure>\n\n\n\n<h2 class=\"wp-block-heading\">RZUTY<\/h2>\n\n\n\n<figure class=\"wp-block-image size-full\"><img loading=\"lazy\" decoding=\"async\" width=\"653\" height=\"694\" src=\"https:\/\/tradition.pl\/wp-content\/uploads\/2026\/03\/Zrzut-ekranu-2026-03-22-o-18.24.31.png\" alt=\"\" class=\"wp-image-424\" srcset=\"https:\/\/tradition.pl\/wp-content\/uploads\/2026\/03\/Zrzut-ekranu-2026-03-22-o-18.24.31.png 653w, https:\/\/tradition.pl\/wp-content\/uploads\/2026\/03\/Zrzut-ekranu-2026-03-22-o-18.24.31-282x300.png 282w\" sizes=\"auto, (max-width: 653px) 100vw, 653px\" \/><\/figure>\n\n\n\n<figure class=\"wp-block-image size-full\"><img loading=\"lazy\" decoding=\"async\" width=\"690\" height=\"687\" src=\"https:\/\/tradition.pl\/wp-content\/uploads\/2026\/03\/Zrzut-ekranu-2026-03-22-o-18.24.57.png\" alt=\"\" class=\"wp-image-425\" srcset=\"https:\/\/tradition.pl\/wp-content\/uploads\/2026\/03\/Zrzut-ekranu-2026-03-22-o-18.24.57.png 690w, https:\/\/tradition.pl\/wp-content\/uploads\/2026\/03\/Zrzut-ekranu-2026-03-22-o-18.24.57-300x300.png 300w, https:\/\/tradition.pl\/wp-content\/uploads\/2026\/03\/Zrzut-ekranu-2026-03-22-o-18.24.57-150x150.png 150w\" sizes=\"auto, (max-width: 690px) 100vw, 690px\" \/><\/figure>\n\n\n\n<figure class=\"wp-block-image size-full\"><img loading=\"lazy\" decoding=\"async\" width=\"696\" height=\"696\" src=\"https:\/\/tradition.pl\/wp-content\/uploads\/2026\/03\/Zrzut-ekranu-2026-03-22-o-18.25.43.png\" alt=\"\" class=\"wp-image-426\" srcset=\"https:\/\/tradition.pl\/wp-content\/uploads\/2026\/03\/Zrzut-ekranu-2026-03-22-o-18.25.43.png 696w, https:\/\/tradition.pl\/wp-content\/uploads\/2026\/03\/Zrzut-ekranu-2026-03-22-o-18.25.43-300x300.png 300w, https:\/\/tradition.pl\/wp-content\/uploads\/2026\/03\/Zrzut-ekranu-2026-03-22-o-18.25.43-150x150.png 150w\" sizes=\"auto, (max-width: 696px) 100vw, 696px\" \/><\/figure>\n\n\n\n<h2 class=\"wp-block-heading\">LOKALIZACJA<\/h2>\n\n\n\n<p>Psary, ul. Parkowa 27<\/p>\n\n\n\n<p>Pinezka google: <a href=\"https:\/\/maps.app.goo.gl\/eDvqbULTC8fzHAnXA\">https:\/\/maps.app.goo.gl\/eDvqbULTC8fzHAnXA<\/a><\/p>\n\n\n\n<p>KONTAKT: 536-58-58-58<\/p>\n\n\n\n<p><\/p>\n","protected":false},"excerpt":{"rendered":"<p>Zapraszamy do zapoznania si\u0119 z nasz\u0105 now\u0105 inwestycj\u0105 na sprzeda\u017c w miejscowo\u015bci Psary &#8211; tu\u017c przy granicy Wroc\u0142awia, z dost\u0119pem do komunikacji miejskiej wroc\u0142awskiej oraz wszystkimi niezb\u0119dnymi w dzisiejszych czasach mediami &#8211; \u015bwiat\u0142owodem i kanalizacj\u0105. WIZUALIZACJE Szeroki wyb\u00f3r typ\u00f3w dom\u00f3w &#8211; z gara\u017cem w bryle budynku, bez gara\u017cu, z gara\u017cem obok budynku (jak wolnostoj\u0105cy, kt\u00f3ry [&hellip;]<\/p>\n","protected":false},"author":1,"featured_media":0,"parent":0,"menu_order":0,"comment_status":"closed","ping_status":"closed","template":"","meta":{"footnotes":""},"class_list":["post-414","page","type-page","status-publish","hentry"],"_links":{"self":[{"href":"https:\/\/tradition.pl\/index.php\/wp-json\/wp\/v2\/pages\/414","targetHints":{"allow":["GET"]}}],"collection":[{"href":"https:\/\/tradition.pl\/index.php\/wp-json\/wp\/v2\/pages"}],"about":[{"href":"https:\/\/tradition.pl\/index.php\/wp-json\/wp\/v2\/types\/page"}],"author":[{"embeddable":true,"href":"https:\/\/tradition.pl\/index.php\/wp-json\/wp\/v2\/users\/1"}],"replies":[{"embeddable":true,"href":"https:\/\/tradition.pl\/index.php\/wp-json\/wp\/v2\/comments?post=414"}],"version-history":[{"count":1,"href":"https:\/\/tradition.pl\/index.php\/wp-json\/wp\/v2\/pages\/414\/revisions"}],"predecessor-version":[{"id":427,"href":"https:\/\/tradition.pl\/index.php\/wp-json\/wp\/v2\/pages\/414\/revisions\/427"}],"wp:attachment":[{"href":"https:\/\/tradition.pl\/index.php\/wp-json\/wp\/v2\/media?parent=414"}],"curies":[{"name":"wp","href":"https:\/\/api.w.org\/{rel}","templated":true}]}}