{"id":435,"date":"2026-04-10T11:44:36","date_gmt":"2026-04-10T11:44:36","guid":{"rendered":"https:\/\/tradition.pl\/?page_id=435"},"modified":"2026-04-10T11:44:36","modified_gmt":"2026-04-10T11:44:36","slug":"lozina","status":"publish","type":"page","link":"https:\/\/tradition.pl\/index.php\/lozina\/","title":{"rendered":"\u0141OZINA"},"content":{"rendered":"\n<figure class=\"wp-block-image size-large\"><img loading=\"lazy\" decoding=\"async\" width=\"1024\" height=\"576\" src=\"https:\/\/tradition.pl\/wp-content\/uploads\/2026\/04\/Lozina-ogrod-1024x576.jpg\" alt=\"\" class=\"wp-image-438\" srcset=\"https:\/\/tradition.pl\/wp-content\/uploads\/2026\/04\/Lozina-ogrod-1024x576.jpg 1024w, https:\/\/tradition.pl\/wp-content\/uploads\/2026\/04\/Lozina-ogrod-300x169.jpg 300w, https:\/\/tradition.pl\/wp-content\/uploads\/2026\/04\/Lozina-ogrod-768x432.jpg 768w, https:\/\/tradition.pl\/wp-content\/uploads\/2026\/04\/Lozina-ogrod-1536x864.jpg 1536w, https:\/\/tradition.pl\/wp-content\/uploads\/2026\/04\/Lozina-ogrod.jpg 1920w\" sizes=\"auto, (max-width: 1024px) 100vw, 1024px\" \/><\/figure>\n\n\n\n<p>Szukasz ciszy i zieleni, nie rezygnuj\u0105c z wyg\u00f3d miasta? \u0141ozina, 15 km od Wroc\u0142awia, \u0142\u0105czy spok\u00f3j podmiejskiego \u017cycia z szybkim dost\u0119pem do miasta. Otoczona lasami, \u0142\u0105kami i terenami Natura 2000 (Las Bukowy\u00a0w Skarszynie), zapewnia \u015bwietne warunki do \u017cycia, relaksu i aktywnego wypoczynku. Tu natura spotyka si\u0119\u00a0z komfortem!<\/p>\n\n\n\n<figure class=\"wp-block-image size-large\"><img loading=\"lazy\" decoding=\"async\" width=\"1024\" height=\"576\" src=\"https:\/\/tradition.pl\/wp-content\/uploads\/2026\/04\/Lozina-front-1024x576.jpg\" alt=\"\" class=\"wp-image-439\" srcset=\"https:\/\/tradition.pl\/wp-content\/uploads\/2026\/04\/Lozina-front-1024x576.jpg 1024w, https:\/\/tradition.pl\/wp-content\/uploads\/2026\/04\/Lozina-front-300x169.jpg 300w, https:\/\/tradition.pl\/wp-content\/uploads\/2026\/04\/Lozina-front-768x432.jpg 768w, https:\/\/tradition.pl\/wp-content\/uploads\/2026\/04\/Lozina-front-1536x864.jpg 1536w, https:\/\/tradition.pl\/wp-content\/uploads\/2026\/04\/Lozina-front.jpg 1920w\" sizes=\"auto, (max-width: 1024px) 100vw, 1024px\" \/><\/figure>\n\n\n\n<p>W \u0141ozinie znajduj\u0105 si\u0119 szko\u0142a, przedszkole, o\u015brodek zdrowia, ko\u015bci\u00f3\u0142, poczta, sklepy, a tak\u017ce miejsca rekreacyjne i sportowe jak boisko czy plac zabaw. Dzi\u0119ki temu wszystkie najwa\u017cniejsze potrzeby mo\u017cesz zrealizowa\u0107 blisko domu.<\/p>\n\n\n\n<figure class=\"wp-block-image size-large\"><img loading=\"lazy\" decoding=\"async\" width=\"1024\" height=\"685\" src=\"https:\/\/tradition.pl\/wp-content\/uploads\/2026\/04\/image-1-1024x685.png\" alt=\"\" class=\"wp-image-437\" srcset=\"https:\/\/tradition.pl\/wp-content\/uploads\/2026\/04\/image-1-1024x685.png 1024w, https:\/\/tradition.pl\/wp-content\/uploads\/2026\/04\/image-1-300x201.png 300w, https:\/\/tradition.pl\/wp-content\/uploads\/2026\/04\/image-1-768x514.png 768w, https:\/\/tradition.pl\/wp-content\/uploads\/2026\/04\/image-1.png 1138w\" sizes=\"auto, (max-width: 1024px) 100vw, 1024px\" \/><\/figure>\n\n\n\n<figure class=\"wp-block-table\"><table class=\"has-fixed-layout\"><tbody><tr><th class=\"has-text-align-left\" data-align=\"left\">Numer domu<\/th><th class=\"has-text-align-left\" data-align=\"left\">Dom<\/th><th class=\"has-text-align-left\" data-align=\"left\">Powierzchnia dzia\u0142ki<\/th><th class=\"has-text-align-left\" data-align=\"left\">Cena<\/th><th class=\"has-text-align-left\" data-align=\"left\">Status<\/th><th class=\"has-text-align-left\" data-align=\"left\">Karta mieszka\u0144<\/th><\/tr><tr><td class=\"has-text-align-left\" data-align=\"left\">A1<\/td><td class=\"has-text-align-left\" data-align=\"left\">137.14 m2<\/td><td class=\"has-text-align-left\" data-align=\"left\">459.00 m2<\/td><td class=\"has-text-align-left\" data-align=\"left\">959 900 z\u01426999 z\u0142\/m2<\/td><td class=\"has-text-align-left\" data-align=\"left\">Zarezerwowany<\/td><td class=\"has-text-align-left\" data-align=\"left\"><\/td><\/tr><tr><td class=\"has-text-align-left\" data-align=\"left\">B1<\/td><td class=\"has-text-align-left\" data-align=\"left\">137.14 m2<\/td><td class=\"has-text-align-left\" data-align=\"left\">460.00 m2<\/td><td class=\"has-text-align-left\" data-align=\"left\">1 090 000 z\u01427949 z\u0142\/m2<\/td><td class=\"has-text-align-left\" data-align=\"left\">Dost\u0119pny<\/td><td class=\"has-text-align-left\" data-align=\"left\"><\/td><\/tr><tr><td class=\"has-text-align-left\" data-align=\"left\">A2<\/td><td class=\"has-text-align-left\" data-align=\"left\">137.14 m2<\/td><td class=\"has-text-align-left\" data-align=\"left\">460.00 m2<\/td><td class=\"has-text-align-left\" data-align=\"left\">999 000 z\u01427284,53 z\u0142\/m2<\/td><td class=\"has-text-align-left\" data-align=\"left\">Zarezerwowany<\/td><td class=\"has-text-align-left\" data-align=\"left\"><\/td><\/tr><tr><td class=\"has-text-align-left\" data-align=\"left\">B2<\/td><td class=\"has-text-align-left\" data-align=\"left\">137.14 m2<\/td><td class=\"has-text-align-left\" data-align=\"left\">459.00 m2<\/td><td class=\"has-text-align-left\" data-align=\"left\">1 090 000 z\u01427949 z\u0142\/m2<\/td><td class=\"has-text-align-left\" data-align=\"left\">Dost\u0119pny<\/td><td class=\"has-text-align-left\" data-align=\"left\"><\/td><\/tr><\/tbody><\/table><\/figure>\n\n\n\n<figure class=\"wp-block-image size-full\"><img loading=\"lazy\" decoding=\"async\" width=\"994\" height=\"404\" src=\"https:\/\/tradition.pl\/wp-content\/uploads\/2026\/04\/image.png\" alt=\"\" class=\"wp-image-436\" srcset=\"https:\/\/tradition.pl\/wp-content\/uploads\/2026\/04\/image.png 994w, https:\/\/tradition.pl\/wp-content\/uploads\/2026\/04\/image-300x122.png 300w, https:\/\/tradition.pl\/wp-content\/uploads\/2026\/04\/image-768x312.png 768w\" sizes=\"auto, (max-width: 994px) 100vw, 994px\" \/><\/figure>\n\n\n\n<p>Lokalizacja: \u0141ozina ul. Ogrodowa<\/p>\n\n\n\n<p>Pinezka google: <a href=\"https:\/\/maps.app.goo.gl\/n2bGTfanwTfLd8oY8\">https:\/\/maps.app.goo.gl\/n2bGTfanwTfLd8oY8<\/a><\/p>\n\n\n\n<p><\/p>\n","protected":false},"excerpt":{"rendered":"<p>Szukasz ciszy i zieleni, nie rezygnuj\u0105c z wyg\u00f3d miasta? \u0141ozina, 15 km od Wroc\u0142awia, \u0142\u0105czy spok\u00f3j podmiejskiego \u017cycia z szybkim dost\u0119pem do miasta. Otoczona lasami, \u0142\u0105kami i terenami Natura 2000 (Las Bukowy\u00a0w Skarszynie), zapewnia \u015bwietne warunki do \u017cycia, relaksu i aktywnego wypoczynku. Tu natura spotyka si\u0119\u00a0z komfortem! W \u0141ozinie znajduj\u0105 si\u0119 szko\u0142a, przedszkole, o\u015brodek zdrowia, [&hellip;]<\/p>\n","protected":false},"author":1,"featured_media":0,"parent":0,"menu_order":0,"comment_status":"closed","ping_status":"closed","template":"","meta":{"footnotes":""},"class_list":["post-435","page","type-page","status-publish","hentry"],"_links":{"self":[{"href":"https:\/\/tradition.pl\/index.php\/wp-json\/wp\/v2\/pages\/435","targetHints":{"allow":["GET"]}}],"collection":[{"href":"https:\/\/tradition.pl\/index.php\/wp-json\/wp\/v2\/pages"}],"about":[{"href":"https:\/\/tradition.pl\/index.php\/wp-json\/wp\/v2\/types\/page"}],"author":[{"embeddable":true,"href":"https:\/\/tradition.pl\/index.php\/wp-json\/wp\/v2\/users\/1"}],"replies":[{"embeddable":true,"href":"https:\/\/tradition.pl\/index.php\/wp-json\/wp\/v2\/comments?post=435"}],"version-history":[{"count":1,"href":"https:\/\/tradition.pl\/index.php\/wp-json\/wp\/v2\/pages\/435\/revisions"}],"predecessor-version":[{"id":440,"href":"https:\/\/tradition.pl\/index.php\/wp-json\/wp\/v2\/pages\/435\/revisions\/440"}],"wp:attachment":[{"href":"https:\/\/tradition.pl\/index.php\/wp-json\/wp\/v2\/media?parent=435"}],"curies":[{"name":"wp","href":"https:\/\/api.w.org\/{rel}","templated":true}]}}